{"id":735,"date":"2022-11-01T12:55:20","date_gmt":"2022-11-01T12:55:20","guid":{"rendered":"https:\/\/sedtalks.es\/?page_id=735"},"modified":"2022-11-01T12:59:40","modified_gmt":"2022-11-01T12:59:40","slug":"aviso-legal","status":"publish","type":"page","link":"https:\/\/sedtalks.es\/index.php\/aviso-legal\/","title":{"rendered":"Aviso Legal"},"content":{"rendered":"\t\t<div data-elementor-type=\"wp-page\" data-elementor-id=\"735\" class=\"elementor elementor-735\" data-elementor-post-type=\"page\">\n\t\t\t\t\t\t<section class=\"elementor-section elementor-top-section elementor-element elementor-element-c545f29 elementor-section-boxed elementor-section-height-default elementor-section-height-default\" data-id=\"c545f29\" data-element_type=\"section\" data-settings=\"{&quot;background_background&quot;:&quot;classic&quot;}\">\n\t\t\t\t\t\t\t<div class=\"elementor-background-overlay\"><\/div>\n\t\t\t\t\t\t\t<div class=\"elementor-container elementor-column-gap-default\">\n\t\t\t\t\t<div class=\"elementor-column elementor-col-33 elementor-top-column elementor-element elementor-element-8639101\" data-id=\"8639101\" data-element_type=\"column\">\n\t\t\t<div class=\"elementor-widget-wrap elementor-element-populated\">\n\t\t\t\t\t\t<div class=\"elementor-element elementor-element-85be387 elementor-widget elementor-widget-image\" data-id=\"85be387\" data-element_type=\"widget\" data-widget_type=\"image.default\">\n\t\t\t\t<div class=\"elementor-widget-container\">\n\t\t\t\t\t\t\t\t\t\t\t\t\t\t\t<img fetchpriority=\"high\" decoding=\"async\" width=\"512\" height=\"449\" src=\"https:\/\/sedtalks.es\/wp-content\/uploads\/2022\/10\/SED-SOMOS-EMPRENDEDORES-DIGITALES.png\" class=\"attachment-large size-large wp-image-639\" alt=\"\" srcset=\"https:\/\/sedtalks.es\/wp-content\/uploads\/2022\/10\/SED-SOMOS-EMPRENDEDORES-DIGITALES.png 512w, https:\/\/sedtalks.es\/wp-content\/uploads\/2022\/10\/SED-SOMOS-EMPRENDEDORES-DIGITALES-300x263.png 300w\" sizes=\"(max-width: 512px) 100vw, 512px\" \/>\t\t\t\t\t\t\t\t\t\t\t\t\t\t\t<\/div>\n\t\t\t\t<\/div>\n\t\t\t\t\t<\/div>\n\t\t<\/div>\n\t\t\t\t<div class=\"elementor-column elementor-col-66 elementor-top-column elementor-element elementor-element-5acd2df\" data-id=\"5acd2df\" data-element_type=\"column\">\n\t\t\t<div class=\"elementor-widget-wrap elementor-element-populated\">\n\t\t\t\t\t\t<div class=\"elementor-element elementor-element-b4d7ec6 elementor-widget elementor-widget-text-editor\" data-id=\"b4d7ec6\" data-element_type=\"widget\" data-widget_type=\"text-editor.default\">\n\t\t\t\t<div class=\"elementor-widget-container\">\n\t\t\t\t\t\t\t\t\t<p><span style=\"background-color: var( --e-global-color-2005eb9 );\">#SEDTalks<\/span><\/p>\t\t\t\t\t\t\t\t<\/div>\n\t\t\t\t<\/div>\n\t\t\t\t\t<\/div>\n\t\t<\/div>\n\t\t\t\t\t<\/div>\n\t\t<\/section>\n\t\t\t\t<section class=\"elementor-section elementor-top-section elementor-element elementor-element-224bd7b elementor-section-boxed elementor-section-height-default elementor-section-height-default\" data-id=\"224bd7b\" data-element_type=\"section\">\n\t\t\t\t\t\t<div class=\"elementor-container elementor-column-gap-default\">\n\t\t\t\t\t<div class=\"elementor-column elementor-col-100 elementor-top-column elementor-element elementor-element-9f50250\" data-id=\"9f50250\" data-element_type=\"column\">\n\t\t\t<div class=\"elementor-widget-wrap elementor-element-populated\">\n\t\t\t\t\t\t<div class=\"elementor-element elementor-element-71b4309 elementor-widget elementor-widget-text-editor\" data-id=\"71b4309\" data-element_type=\"widget\" data-widget_type=\"text-editor.default\">\n\t\t\t\t<div class=\"elementor-widget-container\">\n\t\t\t\t\t\t\t\t\t<h2 style=\"text-align: center;\">Aviso Legal<\/h2><p><b>Informaci\u00f3n general:<\/b><\/p><p><b>Este sitio web es titularidad de:<\/b><\/p><ul><li style=\"font-weight: 400;\" aria-level=\"1\"><b>CABALLEROS HIJOS DALGO DE LINARES S.L.<\/b><span style=\"font-weight: 400;\">\u00a0con domicilio social en Calle Pousa 3, 36420 Crecente \u2013 Pontevedra y N.I.F. n\u00ba B-36282960, inscrita en el Registro Mercantil de Pontevedra, Tomo 1928, libro 186, secci\u00f3n 8\u00aa, inscripci\u00f3n 1\u00aa de la hoja PO19098<\/span><\/li><\/ul><p><span style=\"font-weight: 400;\">Como responsable de este sitio web, ponen a disposici\u00f3n de los usuarios el presente documento con el que pretende dar cumplimiento a las obligaciones dispuestas en la Ley 34\/2002, de Servicios de la Sociedad de la Informaci\u00f3n (LSSI), en particular, conforme a lo dispuesto en su art\u00edculo 10.<\/span><\/p><ul><li style=\"font-weight: 400;\" aria-level=\"1\"><b>Domicilio a efectos de notificaciones:\u00a0<\/b><span style=\"font-weight: 400;\">Calle Pousa 3, 36420 Crecente \u2013 Pontevedra y N.I.F. n\u00ba B-36282960<\/span><\/li><li style=\"font-weight: 400;\" aria-level=\"1\"><b>Tel\u00e9fono de contacto<\/b><span style=\"font-weight: 400;\">: (+34) 610 17 10 16<\/span><\/li><\/ul><p><b>Responsabilidad sobre el contenido:<\/b><\/p><p><b>CABALLEROS HIJOS DALGO DE LINARES S.L. <\/b><span style=\"font-weight: 400;\">no es responsable de cualquier da\u00f1o directo o indirecto que pueda ocasionar la exactitud, integridad o veracidad de dicha informaci\u00f3n, as\u00ed como tampoco del uso del contenido o elementos de este sitio web<\/span><\/p><p><b>Responsabilidad sobre enlaces e informaciones de terceros:<\/b><\/p><p><b>CABALLEROS HIJOS DALGO DE LINARES S.L.\u00a0<\/b><span style=\"font-weight: 400;\">declara que podr\u00e1n incluir informaci\u00f3n sobre terceros de modo que complemente la informaci\u00f3n de sus servicios.<\/span><\/p><p><span style=\"font-weight: 400;\">En cumplimiento del art\u00edculo 17 de la Ley 34\/2002 de Servicios de la Sociedad de la Informaci\u00f3n y del Comercio Electr\u00f3nico (LSSI), la presente p\u00e1gina web declara que no tiene responsabilidad sobre los enlaces facilitados a otros contenidos o que incluyan en los suyos directorios o instrumentos de b\u00fasqueda de contenidos:<\/span><\/p><ul><li style=\"font-weight: 400;\" aria-level=\"1\"><span style=\"font-weight: 400;\">Excepto tenga conocimiento efectivo de que la actividad o la informaci\u00f3n a la que remiten o recomiendan es il\u00edcita o de que lesiona bienes o derechos de un tercero susceptibles de indemnizaci\u00f3n, o<\/span><\/li><li style=\"font-weight: 400;\" aria-level=\"1\"><span style=\"font-weight: 400;\">act\u00fae con diligencia para suprimir o inutilizar el enlace correspondiente.<\/span><\/li><\/ul><p><b>Responsabilidad por el funcionamiento del sitio web:<\/b><\/p><p><span style=\"font-weight: 400;\">Este sitio web ha sido revisada y probada para que funcione correctamente. No obstante,<\/span><b> CABALLEROS HIJOS DALGO DE LINARES S.L.\u00a0<\/b><span style=\"font-weight: 400;\">\u00a0no descarta la posibilidad de que existan ciertos errores de programaci\u00f3n, o que acontezcan causas de fuerza mayor que hagan inaccesible la p\u00e1gina web.<\/span><\/p><p><b>Condiciones de utilizaci\u00f3n del sitio web:<\/b><\/p><p><span style=\"font-weight: 400;\">La utilizaci\u00f3n del sitio web o su navegaci\u00f3n no conlleva la obligatoriedad de inscripci\u00f3n o registro del usuario, \u00e9sta tan s\u00f3lo ser\u00e1 necesaria para la solicitud de informaci\u00f3n. Las condiciones de acceso y uso del sitio web de<\/span><b> CABALLEROS HIJOS DALGO DE LINARES S.L.\u00a0<\/b><span style=\"font-weight: 400;\">se rigen estrictamente por la legalidad vigente y por el principio de buena fe, comprometi\u00e9ndose el usuario realizar un buen uso del sitio web. Quedan por tanto prohibidos todos los actos que vulneren la legalidad, derechos o intereses de terceros.<\/span><\/p><p><b>Finalidad del sitio web:<\/b><\/p><p><span style=\"font-weight: 400;\">La finalidad del sitio web es la de informar de los productos y servicios relacionados con su actividad empresarial, as\u00ed como la venta online de sus productos y servicios.<\/span><\/p><p><b>Propiedad Intelectual<\/b><\/p><p><b>CABALLEROS HIJOS DALGO DE LINARES SL.<\/b><span style=\"font-weight: 400;\">\u00a0es titular de los derechos de propiedad intelectual sobre los contenidos o elementos de este sitio web y\u00a0 dispone de los permisos necesarios para su utilizaci\u00f3n. Cualquier acci\u00f3n que implique la reproducci\u00f3n, comunicaci\u00f3n p\u00fablica, distribuci\u00f3n o transformaci\u00f3n, as\u00ed como cualquier otra forma de explotaci\u00f3n econ\u00f3mica de todo o parte de dichos contenidos o elementos, realizado bajo cualquier forma o mediante cualquier medio, requerir\u00e1 el consentimiento previo y por escrito de<\/span><b> CABALLEROS HIJOS DALGO DE LINARES S.L.<\/b><span style=\"font-weight: 400;\">, salvo que el usuario pueda acreditar de modo fehaciente disponer del correspondiente derecho de propiedad intelectual o de la habilitaci\u00f3n necesaria.<\/span><\/p><p><b>Aceptaci\u00f3n y modificaciones en el aviso legal:<\/b><\/p><p><b>CABALLEROS HIJOS DALGO DE LINARES S.L.\u00a0<\/b><span style=\"font-weight: 400;\">podr\u00e1 realizar cuantas modificaciones considere necesarias sobre el contenido de este sitio web sin previo aviso, tanto en lo referente a la informaci\u00f3n de sus productos o servicios como en relaci\u00f3n con cualquier otro elemento que forme parte de este.<\/span><\/p><p><span style=\"font-weight: 400;\">El contenido de este sitio web es informativo, por lo que\u00a0<\/span><b> CABALLEROS HIJOS DALGO DE LINARES S.L.\u00a0<\/b><span style=\"font-weight: 400;\">\u00a0no otorga garant\u00eda alguna sobre la exactitud, integridad o veracidad de la informaci\u00f3n, propia o de terceros, contenida en este sitio web. Los usuarios que deseen solicitar informaci\u00f3n a trav\u00e9s de la presente p\u00e1gina web deber\u00e1n leer y aceptar lo dispuesto en el presente aviso legal.<\/span><\/p>\t\t\t\t\t\t\t\t<\/div>\n\t\t\t\t<\/div>\n\t\t\t\t\t<\/div>\n\t\t<\/div>\n\t\t\t\t\t<\/div>\n\t\t<\/section>\n\t\t\t\t<\/div>\n\t\t","protected":false},"excerpt":{"rendered":"<p>#SEDTalks Aviso Legal Informaci\u00f3n general: Este sitio web es titularidad de: CABALLEROS HIJOS DALGO DE LINARES S.L.\u00a0con domicilio social en Calle Pousa 3, 36420 Crecente \u2013 Pontevedra y N.I.F. n\u00ba B-36282960, inscrita en el Registro Mercantil de Pontevedra, Tomo 1928, libro 186, secci\u00f3n 8\u00aa, inscripci\u00f3n 1\u00aa de la hoja PO19098 Como responsable de este sitio &#8230; <a title=\"Aviso Legal\" class=\"read-more\" href=\"https:\/\/sedtalks.es\/index.php\/aviso-legal\/\" aria-label=\"M\u00e1s en Aviso Legal\">Leer m\u00e1s<\/a><\/p>\n","protected":false},"author":1,"featured_media":0,"parent":0,"menu_order":0,"comment_status":"closed","ping_status":"closed","template":"elementor_canvas","meta":{"footnotes":""},"class_list":["post-735","page","type-page","status-publish"],"yoast_head":"<!-- This site is optimized with the Yoast SEO plugin v25.1 - https:\/\/yoast.com\/wordpress\/plugins\/seo\/ -->\n<title>Aviso Legal - SEDTalks. El evento para emprendedores de Vigo<\/title>\n<meta name=\"robots\" content=\"index, follow, max-snippet:-1, max-image-preview:large, max-video-preview:-1\" \/>\n<link rel=\"canonical\" href=\"https:\/\/sedtalks.es\/index.php\/aviso-legal\/\" \/>\n<meta property=\"og:locale\" content=\"es_ES\" \/>\n<meta property=\"og:type\" content=\"article\" \/>\n<meta property=\"og:title\" content=\"Aviso Legal - SEDTalks. El evento para emprendedores de Vigo\" \/>\n<meta property=\"og:description\" content=\"#SEDTalks Aviso Legal Informaci\u00f3n general: Este sitio web es titularidad de: CABALLEROS HIJOS DALGO DE LINARES S.L.\u00a0con domicilio social en Calle Pousa 3, 36420 Crecente \u2013 Pontevedra y N.I.F. n\u00ba B-36282960, inscrita en el Registro Mercantil de Pontevedra, Tomo 1928, libro 186, secci\u00f3n 8\u00aa, inscripci\u00f3n 1\u00aa de la hoja PO19098 Como responsable de este sitio ... Leer m\u00e1s\" \/>\n<meta property=\"og:url\" content=\"https:\/\/sedtalks.es\/index.php\/aviso-legal\/\" \/>\n<meta property=\"og:site_name\" content=\"SEDTalks. El evento para emprendedores de Vigo\" \/>\n<meta property=\"article:modified_time\" content=\"2022-11-01T12:59:40+00:00\" \/>\n<meta property=\"og:image\" content=\"https:\/\/sedtalks.es\/wp-content\/uploads\/2022\/10\/SED-SOMOS-EMPRENDEDORES-DIGITALES.png\" \/>\n<meta name=\"twitter:card\" content=\"summary_large_image\" \/>\n<meta name=\"twitter:label1\" content=\"Tiempo de lectura\" \/>\n\t<meta name=\"twitter:data1\" content=\"4 minutos\" \/>\n<script type=\"application\/ld+json\" class=\"yoast-schema-graph\">{\"@context\":\"https:\/\/schema.org\",\"@graph\":[{\"@type\":\"WebPage\",\"@id\":\"https:\/\/sedtalks.es\/index.php\/aviso-legal\/\",\"url\":\"https:\/\/sedtalks.es\/index.php\/aviso-legal\/\",\"name\":\"Aviso Legal - SEDTalks. El evento para emprendedores de Vigo\",\"isPartOf\":{\"@id\":\"https:\/\/sedtalks.es\/#website\"},\"primaryImageOfPage\":{\"@id\":\"https:\/\/sedtalks.es\/index.php\/aviso-legal\/#primaryimage\"},\"image\":{\"@id\":\"https:\/\/sedtalks.es\/index.php\/aviso-legal\/#primaryimage\"},\"thumbnailUrl\":\"https:\/\/sedtalks.es\/wp-content\/uploads\/2022\/10\/SED-SOMOS-EMPRENDEDORES-DIGITALES.png\",\"datePublished\":\"2022-11-01T12:55:20+00:00\",\"dateModified\":\"2022-11-01T12:59:40+00:00\",\"breadcrumb\":{\"@id\":\"https:\/\/sedtalks.es\/index.php\/aviso-legal\/#breadcrumb\"},\"inLanguage\":\"es\",\"potentialAction\":[{\"@type\":\"ReadAction\",\"target\":[\"https:\/\/sedtalks.es\/index.php\/aviso-legal\/\"]}]},{\"@type\":\"ImageObject\",\"inLanguage\":\"es\",\"@id\":\"https:\/\/sedtalks.es\/index.php\/aviso-legal\/#primaryimage\",\"url\":\"https:\/\/sedtalks.es\/wp-content\/uploads\/2022\/10\/SED-SOMOS-EMPRENDEDORES-DIGITALES.png\",\"contentUrl\":\"https:\/\/sedtalks.es\/wp-content\/uploads\/2022\/10\/SED-SOMOS-EMPRENDEDORES-DIGITALES.png\",\"width\":512,\"height\":449},{\"@type\":\"BreadcrumbList\",\"@id\":\"https:\/\/sedtalks.es\/index.php\/aviso-legal\/#breadcrumb\",\"itemListElement\":[{\"@type\":\"ListItem\",\"position\":1,\"name\":\"Portada\",\"item\":\"https:\/\/sedtalks.es\/\"},{\"@type\":\"ListItem\",\"position\":2,\"name\":\"Aviso Legal\"}]},{\"@type\":\"WebSite\",\"@id\":\"https:\/\/sedtalks.es\/#website\",\"url\":\"https:\/\/sedtalks.es\/\",\"name\":\"SEDTalks. El evento para emprendedores de Vigo\",\"description\":\"SEDTalks Congreso Emprendedores Vigo\",\"publisher\":{\"@id\":\"https:\/\/sedtalks.es\/#organization\"},\"potentialAction\":[{\"@type\":\"SearchAction\",\"target\":{\"@type\":\"EntryPoint\",\"urlTemplate\":\"https:\/\/sedtalks.es\/?s={search_term_string}\"},\"query-input\":{\"@type\":\"PropertyValueSpecification\",\"valueRequired\":true,\"valueName\":\"search_term_string\"}}],\"inLanguage\":\"es\"},{\"@type\":\"Organization\",\"@id\":\"https:\/\/sedtalks.es\/#organization\",\"name\":\"SEDTalks. El evento para emprendedores de Vigo\",\"url\":\"https:\/\/sedtalks.es\/\",\"logo\":{\"@type\":\"ImageObject\",\"inLanguage\":\"es\",\"@id\":\"https:\/\/sedtalks.es\/#\/schema\/logo\/image\/\",\"url\":\"https:\/\/sedtalks.es\/wp-content\/uploads\/2025\/04\/cropped-Captura-de-pantalla-2025-04-10-a-las-11.09.08.png\",\"contentUrl\":\"https:\/\/sedtalks.es\/wp-content\/uploads\/2025\/04\/cropped-Captura-de-pantalla-2025-04-10-a-las-11.09.08.png\",\"width\":1138,\"height\":228,\"caption\":\"SEDTalks. El evento para emprendedores de Vigo\"},\"image\":{\"@id\":\"https:\/\/sedtalks.es\/#\/schema\/logo\/image\/\"}}]}<\/script>\n<!-- \/ Yoast SEO plugin. -->","yoast_head_json":{"title":"Aviso Legal - SEDTalks. El evento para emprendedores de Vigo","robots":{"index":"index","follow":"follow","max-snippet":"max-snippet:-1","max-image-preview":"max-image-preview:large","max-video-preview":"max-video-preview:-1"},"canonical":"https:\/\/sedtalks.es\/index.php\/aviso-legal\/","og_locale":"es_ES","og_type":"article","og_title":"Aviso Legal - SEDTalks. El evento para emprendedores de Vigo","og_description":"#SEDTalks Aviso Legal Informaci\u00f3n general: Este sitio web es titularidad de: CABALLEROS HIJOS DALGO DE LINARES S.L.\u00a0con domicilio social en Calle Pousa 3, 36420 Crecente \u2013 Pontevedra y N.I.F. n\u00ba B-36282960, inscrita en el Registro Mercantil de Pontevedra, Tomo 1928, libro 186, secci\u00f3n 8\u00aa, inscripci\u00f3n 1\u00aa de la hoja PO19098 Como responsable de este sitio ... Leer m\u00e1s","og_url":"https:\/\/sedtalks.es\/index.php\/aviso-legal\/","og_site_name":"SEDTalks. El evento para emprendedores de Vigo","article_modified_time":"2022-11-01T12:59:40+00:00","og_image":[{"url":"https:\/\/sedtalks.es\/wp-content\/uploads\/2022\/10\/SED-SOMOS-EMPRENDEDORES-DIGITALES.png","type":"","width":"","height":""}],"twitter_card":"summary_large_image","twitter_misc":{"Tiempo de lectura":"4 minutos"},"schema":{"@context":"https:\/\/schema.org","@graph":[{"@type":"WebPage","@id":"https:\/\/sedtalks.es\/index.php\/aviso-legal\/","url":"https:\/\/sedtalks.es\/index.php\/aviso-legal\/","name":"Aviso Legal - SEDTalks. El evento para emprendedores de Vigo","isPartOf":{"@id":"https:\/\/sedtalks.es\/#website"},"primaryImageOfPage":{"@id":"https:\/\/sedtalks.es\/index.php\/aviso-legal\/#primaryimage"},"image":{"@id":"https:\/\/sedtalks.es\/index.php\/aviso-legal\/#primaryimage"},"thumbnailUrl":"https:\/\/sedtalks.es\/wp-content\/uploads\/2022\/10\/SED-SOMOS-EMPRENDEDORES-DIGITALES.png","datePublished":"2022-11-01T12:55:20+00:00","dateModified":"2022-11-01T12:59:40+00:00","breadcrumb":{"@id":"https:\/\/sedtalks.es\/index.php\/aviso-legal\/#breadcrumb"},"inLanguage":"es","potentialAction":[{"@type":"ReadAction","target":["https:\/\/sedtalks.es\/index.php\/aviso-legal\/"]}]},{"@type":"ImageObject","inLanguage":"es","@id":"https:\/\/sedtalks.es\/index.php\/aviso-legal\/#primaryimage","url":"https:\/\/sedtalks.es\/wp-content\/uploads\/2022\/10\/SED-SOMOS-EMPRENDEDORES-DIGITALES.png","contentUrl":"https:\/\/sedtalks.es\/wp-content\/uploads\/2022\/10\/SED-SOMOS-EMPRENDEDORES-DIGITALES.png","width":512,"height":449},{"@type":"BreadcrumbList","@id":"https:\/\/sedtalks.es\/index.php\/aviso-legal\/#breadcrumb","itemListElement":[{"@type":"ListItem","position":1,"name":"Portada","item":"https:\/\/sedtalks.es\/"},{"@type":"ListItem","position":2,"name":"Aviso Legal"}]},{"@type":"WebSite","@id":"https:\/\/sedtalks.es\/#website","url":"https:\/\/sedtalks.es\/","name":"SEDTalks. El evento para emprendedores de Vigo","description":"SEDTalks Congreso Emprendedores Vigo","publisher":{"@id":"https:\/\/sedtalks.es\/#organization"},"potentialAction":[{"@type":"SearchAction","target":{"@type":"EntryPoint","urlTemplate":"https:\/\/sedtalks.es\/?s={search_term_string}"},"query-input":{"@type":"PropertyValueSpecification","valueRequired":true,"valueName":"search_term_string"}}],"inLanguage":"es"},{"@type":"Organization","@id":"https:\/\/sedtalks.es\/#organization","name":"SEDTalks. El evento para emprendedores de Vigo","url":"https:\/\/sedtalks.es\/","logo":{"@type":"ImageObject","inLanguage":"es","@id":"https:\/\/sedtalks.es\/#\/schema\/logo\/image\/","url":"https:\/\/sedtalks.es\/wp-content\/uploads\/2025\/04\/cropped-Captura-de-pantalla-2025-04-10-a-las-11.09.08.png","contentUrl":"https:\/\/sedtalks.es\/wp-content\/uploads\/2025\/04\/cropped-Captura-de-pantalla-2025-04-10-a-las-11.09.08.png","width":1138,"height":228,"caption":"SEDTalks. El evento para emprendedores de Vigo"},"image":{"@id":"https:\/\/sedtalks.es\/#\/schema\/logo\/image\/"}}]}},"_links":{"self":[{"href":"https:\/\/sedtalks.es\/index.php\/wp-json\/wp\/v2\/pages\/735","targetHints":{"allow":["GET"]}}],"collection":[{"href":"https:\/\/sedtalks.es\/index.php\/wp-json\/wp\/v2\/pages"}],"about":[{"href":"https:\/\/sedtalks.es\/index.php\/wp-json\/wp\/v2\/types\/page"}],"author":[{"embeddable":true,"href":"https:\/\/sedtalks.es\/index.php\/wp-json\/wp\/v2\/users\/1"}],"replies":[{"embeddable":true,"href":"https:\/\/sedtalks.es\/index.php\/wp-json\/wp\/v2\/comments?post=735"}],"version-history":[{"count":8,"href":"https:\/\/sedtalks.es\/index.php\/wp-json\/wp\/v2\/pages\/735\/revisions"}],"predecessor-version":[{"id":751,"href":"https:\/\/sedtalks.es\/index.php\/wp-json\/wp\/v2\/pages\/735\/revisions\/751"}],"wp:attachment":[{"href":"https:\/\/sedtalks.es\/index.php\/wp-json\/wp\/v2\/media?parent=735"}],"curies":[{"name":"wp","href":"https:\/\/api.w.org\/{rel}","templated":true}]}}